{"id":141,"date":"2018-08-28T21:15:23","date_gmt":"2018-08-28T21:15:23","guid":{"rendered":"http:\/\/www.hullupuhallus.fi\/2019\/?page_id=141"},"modified":"2021-09-15T10:39:15","modified_gmt":"2021-09-15T10:39:15","slug":"tulokset","status":"publish","type":"page","link":"https:\/\/hullupuhallus.fi\/2019\/tulokset\/","title":{"rendered":"2019 Tulokset"},"content":{"rendered":"<p><section class=\"kc-elm kc-css-176092 kc_row\"><div class=\"kc-row-container  kc-container\"><div class=\"kc-wrap-columns\"><div class=\"kc-elm kc-css-132339 kc_col-sm-12 kc_column kc_col-sm-12\"><div class=\"kc-col-container\">\n<div class=\"kc-elm kc-css-958116 kc-title-wrap \">\n\n\t<h1 class=\"kc_title\">2019 Tulokset<\/h1>\n<\/div>\n<div class=\"kc-elm kc-css-198688 kc_text_block\"><\/p>\n<p style=\"text-align: center;\">Huittisten Hullu Puhallus 2019 tapahtuman Kisailutulokset <\/p>\n<p>\n<\/div><div class=\"kc-elm kc-css-359248\" style=\"height: 55px; clear: both; width:100%;\"><\/div><\/div><\/div><\/div><\/div><\/section><section class=\"kc-elm kc-css-933647 kc_row\"><div class=\"kc-row-container  kc-container\"><div class=\"kc-wrap-columns\"><div class=\"kc-elm kc-css-598878 kc_col-sm-6 kc_column kc_col-sm-6\"><div class=\"kc-col-container\"><div class=\"kc-elm kc-css-423624 kc-icon-wrapper\">\n\t\t<i class=\"fa-clipboard-list\"><\/i>\n\t<\/div>\n<div class=\"kc-elm kc-css-714323 kc_text_block\"><\/p>\n<p>2019<\/p>\n<p>\n<\/div><div data-allowopenall=\"true\" data-closeall=\"true\" class=\"kc-elm kc-css-575554 kc_accordion_wrapper\">\n<div class=\"kc-elm kc-css-367881 kc_accordion_section group \"><h3 class=\"kc_accordion_header ui-accordion-header\"><span class=\"ui-accordion-header-icon ui-icon\"><\/span><a href=\"#a-sarja\" data-prevent=\"scroll\"><i class=\"\"><\/i> A-sarja<\/a><\/h3><div class=\"kc_accordion_content ui-accordion-content kc_clearfix\"><div class=\"kc-panel-body\">Empty section. Edit page to add content here.<\/div><\/div><\/div><div class=\"kc-elm kc-css-625902 kc_accordion_section group \"><h3 class=\"kc_accordion_header ui-accordion-header\"><span class=\"ui-accordion-header-icon ui-icon\"><\/span><a href=\"#b-sarja\" data-prevent=\"scroll\"><i class=\"\"><\/i> B-sarja<\/a><\/h3><div class=\"kc_accordion_content ui-accordion-content kc_clearfix\"><div class=\"kc-panel-body\">Empty section. Edit page to add content here.<\/div><\/div><\/div><div class=\"kc-elm kc-css-232375 kc_accordion_section group \"><h3 class=\"kc_accordion_header ui-accordion-header\"><span class=\"ui-accordion-header-icon ui-icon\"><\/span><a href=\"#c-sarja\" data-prevent=\"scroll\"><i class=\"\"><\/i> C-sarja<\/a><\/h3><div class=\"kc_accordion_content ui-accordion-content kc_clearfix\"><div class=\"kc-panel-body\">Empty section. Edit page to add content here.<\/div><\/div><\/div><\/div>\n<\/div><\/div><div class=\"kc-elm kc-css-655599 kc_col-sm-6 kc_column kc_col-sm-6\"><div class=\"kc-col-container\"><div class=\"kc-elm kc-css-135665 kc-icon-wrapper\">\n\t\t<i class=\"fa-clipboard-list\"><\/i>\n\t<\/div>\n<div class=\"kc-elm kc-css-953241 kc_text_block\"><\/p>\n<p>2017<\/p>\n<p>\n<\/div><div data-allowopenall=\"true\" data-closeall=\"true\" class=\"kc-elm kc-css-121197 kc_accordion_wrapper\">\n<div class=\"kc-elm kc-css-126370 kc_accordion_section group \"><h3 class=\"kc_accordion_header ui-accordion-header\"><span class=\"ui-accordion-header-icon ui-icon\"><\/span><a href=\"#a-sarja\" data-prevent=\"scroll\"><i class=\"\"><\/i> A-sarja<\/a><\/h3><div class=\"kc_accordion_content ui-accordion-content kc_clearfix\"><div class=\"kc-panel-body\">Empty section. Edit page to add content here.<\/div><\/div><\/div><div class=\"kc-elm kc-css-718064 kc_accordion_section group \"><h3 class=\"kc_accordion_header ui-accordion-header\"><span class=\"ui-accordion-header-icon ui-icon\"><\/span><a href=\"#b-sarja\" data-prevent=\"scroll\"><i class=\"\"><\/i> B-sarja<\/a><\/h3><div class=\"kc_accordion_content ui-accordion-content kc_clearfix\"><div class=\"kc-panel-body\">Empty section. Edit page to add content here.<\/div><\/div><\/div><div class=\"kc-elm kc-css-329943 kc_accordion_section group \"><h3 class=\"kc_accordion_header ui-accordion-header\"><span class=\"ui-accordion-header-icon ui-icon\"><\/span><a href=\"#c-sarja\" data-prevent=\"scroll\"><i class=\"\"><\/i> C-sarja<\/a><\/h3><div class=\"kc_accordion_content ui-accordion-content kc_clearfix\"><div class=\"kc-panel-body\">Empty section. Edit page to add content here.<\/div><\/div><\/div><\/div>\n<\/div><\/div><\/div><\/div><\/section><section class=\"kc-elm kc-css-117197 kc_row\"><div class=\"kc-row-container  kc-container\"><div class=\"kc-wrap-columns\"><div class=\"kc-elm kc-css-902667 kc_col-sm-12 kc_column kc_col-sm-12\"><div class=\"kc-col-container\"><div class=\"kc-elm kc-css-912759\" style=\"height: 55px; clear: both; width:100%;\"><\/div><div class=\"kc-elm kc-css-773560 kc_text_block\"><\/p>\n<h1><strong>A-sarja<\/strong><\/h1>\n<p>********************************<\/p>\n<p><strong>\u00a01. sija<\/strong><\/p>\n<ul>\n<li>Manssila Jemina, huilu \u2013 Vantaa \u00a0\u00a0\u00a0 1300 \u20ac\u00a0 \u2013\u00a0 <em>suvereeni instrumentalisti<\/em><\/li>\n<li>Iida Lappi, huilu \u2013 Oulu \u00a0\u00a0\u00a0\u00a0\u00a0\u00a0\u00a0\u00a0\u00a0\u00a0\u00a0\u00a0\u00a0\u00a0 1300 \u20ac\u00a0\u00a0 \u2013\u00a0 <em>heitt\u00e4ytyv\u00e4 modernisti<\/em><\/li>\n<\/ul>\n<p><strong>2. sija<\/strong><\/p>\n<ul>\n<li>\u00a0\u00a0\u00a0\u00a0\u00a0\u00a0 \u2013 2. sijaa ei jaettu<\/li>\n<\/ul>\n<p><strong>3. sija<\/strong><\/p>\n<ul>\n<li>Jokinen Kristian, tuuba \u2013 Eura\u00a0\u00a0\u00a0\u00a0\u00a0 500\u20ac \u2013 <em>varmaotteinen vaskimuusikko<\/em><\/li>\n<\/ul>\n<p><strong>Kannustusstipendi<\/strong><\/p>\n<ul>\n<li>Kettula Kaisa, huilu \u2013 Helsinki\u00a0\u00a0\u00a0\u00a0\u00a0\u00a0 200\u20ac<\/li>\n<\/ul>\n<h1><strong>B-sarja<\/strong><\/h1>\n<p>********************************&#039;<\/p>\n<p><strong>1. sija<\/strong><\/p>\n<ul>\n<li>Halme Pietari, alttosaksofoni \u2013 Helsinki\u00a0\u00a0\u00a0\u00a0\u00a0\u00a0 1000\u20ac\u00a0\u00a0\u00a0 \u2013\u00a0<em> monipuolinen puhallinmuusikko<\/em><\/li>\n<\/ul>\n<p><strong>2. sija<\/strong><\/p>\n<ul>\n<li>Passinen Nelma, alttosaksofoni \u2013 Sein\u00e4joki\u00a0\u00a0\u00a0\u00a0\u00a0\u00a0\u00a0\u00a0 800\u20ac\u00a0\u00a0\u00a0\u00a0 \u2013<em> rohkea ja vapautunut esiintyj\u00e4<\/em><\/li>\n<\/ul>\n<p><strong>3. sija<\/strong><\/p>\n<ul>\n<li>Turunen Lenni, alttosaksofoni \u2013 Kuhmo\u00a0\u00a0\u00a0\u00a0\u00a0\u00a0 500\u20ac\u00a0\u00a0\u00a0 \u2013\u00a0 <em>energinen tyyliniekka<\/em><\/li>\n<\/ul>\n<p><strong>Kannustusstipendi<\/strong><\/p>\n<p>Pesonen Eelis, oboe \u2013 Espoo \u00a0\u00a0\u00a0\u00a0\u00a0 150\u20ac<\/p>\n<h1><strong>C-sarja<\/strong><\/h1>\n<p>********************************<\/p>\n<p><strong>1. sija<\/strong><\/p>\n<ul>\n<li>Ahonen Samuel, klarinetti \u2013 Tampere\u00a0\u00a0\u00a0 600 \u20ac\u00a0\u00a0 \u2013\u00a0 <em>ennakkoluuloton ja taitava muusikko<\/em><\/li>\n<\/ul>\n<p><strong>2. sija<\/strong><\/p>\n<ul>\n<li>Latonen Seela, huilu \u2013 Helsinki\u00a0\u00a0\u00a0 400 \u20ac\u00a0\u00a0\u00a0 \u2013 <em>s\u00e4teilev\u00e4 huilistilupaus<\/em><\/li>\n<\/ul>\n<p><strong>3. sija<\/strong><\/p>\n<ul>\n<li>Jaakonsaari Olli, k\u00e4yr\u00e4torvi \u2013 Helsinki\u00a0\u00a0\u00a0 200 \u20ac\u00a0\u00a0\u00a0 \u2013\u00a0 <em>h\u00e4mm\u00e4stytt\u00e4v\u00e4n varmaotteinen taitur<\/em>i<\/li>\n<\/ul>\n<p><strong>Kannustusstipendi<\/strong><\/p>\n<ul>\n<li>Ayikar Tia, huilu \u2013 Helsinki\u00a0\u00a0\u00a0\u00a0\u00a0\u00a0\u00a0 150\u20ac<\/li>\n<li>Pulkkanen Olli-Pekka, huilu \u2013 Kuusamo\u00a0\u00a0\u00a0\u00a0\u00a0\u00a0\u00a0 100\u20ac<\/li>\n<li>Mega Duo: Mette Passi trumpetti ja flyygelitorvi, Einari J\u00e4rvinen tuuba ja tenoritorvi \u2013 Turku\u00a0\u00a0\u00a0\u00a0\u00a0\u00a0\u00a0\u00a0\u00a0\u00a0\u00a0\u00a0\u00a0\u00a0\u00a0 100 \u20ac<\/li>\n<\/ul>\n<div>\n<h1><strong>Risto Ryti -palkinto<br \/><\/strong><\/h1>\n<p>********************************<\/p>\n<p>Camilla M\u00e4nty, klarinetti \u2013 Eurajoki\u00a0\u00a0 130\u20ac<\/p>\n<p><em>Erityismaininta omaleimaisesta elektroniikan k\u00e4yt\u00f6st\u00e4 osana esityst\u00e4.<\/em><\/p>\n<\/div>\n<p>\n<\/div><\/div><\/div><\/div><\/div><\/section><\/p>\n","protected":false},"excerpt":{"rendered":"","protected":false},"author":1,"featured_media":0,"parent":0,"menu_order":0,"comment_status":"closed","ping_status":"closed","template":"","meta":{"footnotes":""},"class_list":["post-141","page","type-page","status-publish","hentry"],"_links":{"self":[{"href":"https:\/\/hullupuhallus.fi\/2019\/wp-json\/wp\/v2\/pages\/141","targetHints":{"allow":["GET"]}}],"collection":[{"href":"https:\/\/hullupuhallus.fi\/2019\/wp-json\/wp\/v2\/pages"}],"about":[{"href":"https:\/\/hullupuhallus.fi\/2019\/wp-json\/wp\/v2\/types\/page"}],"author":[{"embeddable":true,"href":"https:\/\/hullupuhallus.fi\/2019\/wp-json\/wp\/v2\/users\/1"}],"replies":[{"embeddable":true,"href":"https:\/\/hullupuhallus.fi\/2019\/wp-json\/wp\/v2\/comments?post=141"}],"version-history":[{"count":60,"href":"https:\/\/hullupuhallus.fi\/2019\/wp-json\/wp\/v2\/pages\/141\/revisions"}],"predecessor-version":[{"id":596,"href":"https:\/\/hullupuhallus.fi\/2019\/wp-json\/wp\/v2\/pages\/141\/revisions\/596"}],"wp:attachment":[{"href":"https:\/\/hullupuhallus.fi\/2019\/wp-json\/wp\/v2\/media?parent=141"}],"curies":[{"name":"wp","href":"https:\/\/api.w.org\/{rel}","templated":true}]}}