{"id":359,"date":"2019-01-24T11:42:32","date_gmt":"2019-01-24T11:42:32","guid":{"rendered":"http:\/\/www.hullupuhallus.fi\/2019\/?page_id=359"},"modified":"2021-09-15T10:38:13","modified_gmt":"2021-09-15T10:38:13","slug":"kasiohjelmat","status":"publish","type":"page","link":"https:\/\/hullupuhallus.fi\/2019\/kasiohjelmat\/","title":{"rendered":"K\u00e4siohjelmat"},"content":{"rendered":"<p><section class=\"kc-elm kc-css-840972 kc_row\"><div class=\"kc-row-container  kc-container\"><div class=\"kc-wrap-columns\"><div class=\"kc-elm kc-css-944984 kc_col-sm-12 kc_column kc_col-sm-12\"><div class=\"kc-col-container\">\n<div class=\"kc-elm kc-css-120863 kc-title-wrap \">\n\n\t<h1 class=\"kc_title\">2019 K\u00e4siohjelmat<\/h1>\n<\/div>\n<div class=\"kc-elm kc-css-948568 kc_text_block\"><\/p>\n<p>Selaa k\u00e4siohjelmiamme s\u00e4hk\u00f6isesti. Voit ladata sen my\u00f6s itsellesi.<\/p>\n<p>\n<\/div><div class=\"kc-elm kc-css-801450\" style=\"height: 20px; clear: both; width:100%;\"><\/div><div class=\"kc-elm kc-css-189264 kc_text_block\"><\/p>\n<p>Kuunnelmus k\u00e4siohjelmassa virhe sivulla 10. Perjantaina Kuunelmuksen 2. osion alkamisaika on 17.30<\/p>\n<p>\n<\/div><div class=\"kc-elm kc-css-880948\" style=\"height: 20px; clear: both; width:100%;\"><\/div><\/div><\/div><\/div><\/div><\/section><section class=\"kc-elm kc-css-170895 kc_row\"><div class=\"kc-row-container  kc-container\"><div class=\"kc-wrap-columns\"><div class=\"kc-elm kc-css-397186 kc_col-sm-6 kc_column kc_col-sm-6\"><div class=\"kc-col-container\"><div class=\"kc-elm kc-css-197562 kc_text_block\"><\/p>\n<p>Kisailun k\u00e4siohjelma<\/p>\n<p>\n<\/div><div class=\"kc-elm kc-css-186673 kc-raw-code\"><iframe style=\"width:100%; height:600px;\" src=\"\/\/e.issuu.com\/embed.html#35065299\/67296559\" frameborder=\"0\" allowfullscreen><\/iframe><\/div><\/div><\/div><div class=\"kc-elm kc-css-177597 kc_col-sm-6 kc_column kc_col-sm-6\"><div class=\"kc-col-container\"><div class=\"kc-elm kc-css-957505 kc_text_block\"><\/p>\n<p>Kuunnelmuksen k\u00e4siohjelma<\/p>\n<p>\n<\/div><div class=\"kc-elm kc-css-800418 kc-raw-code\"><iframe style=\"width:100%; height:600px;\" src=\"\/\/e.issuu.com\/embed.html#35065299\/67319147\" frameborder=\"0\" allowfullscreen><\/iframe><\/div><\/div><\/div><\/div><\/div><\/section><section class=\"kc-elm kc-css-104180 kc_row\"><div class=\"kc-row-container  kc-container\"><div class=\"kc-wrap-columns\"><div class=\"kc-elm kc-css-582294 kc_col-sm-12 kc_column kc_col-sm-12\"><div class=\"kc-col-container\"><div class=\"kc-elm kc-css-130613 kc-raw-code\"><iframe style=\"width:100%; height:600px;\" src=\"\/\/e.issuu.com\/embed.html#35065299\/67296559\" frameborder=\"0\" allowfullscreen><\/iframe><\/div><div class=\"kc-elm kc-css-582925\" style=\"height: 20px; clear: both; width:100%;\"><\/div><div class=\"kc-elm kc-css-96015 kc-raw-code\"><iframe style=\"width:100%; height:600px;\" src=\"\/\/e.issuu.com\/embed.html#35065299\/67319147\" frameborder=\"0\" allowfullscreen><\/iframe><\/div><\/div><\/div><\/div><\/div><\/section><\/p>\n","protected":false},"excerpt":{"rendered":"","protected":false},"author":1,"featured_media":0,"parent":0,"menu_order":0,"comment_status":"closed","ping_status":"closed","template":"","meta":{"footnotes":""},"class_list":["post-359","page","type-page","status-publish","hentry"],"_links":{"self":[{"href":"https:\/\/hullupuhallus.fi\/2019\/wp-json\/wp\/v2\/pages\/359","targetHints":{"allow":["GET"]}}],"collection":[{"href":"https:\/\/hullupuhallus.fi\/2019\/wp-json\/wp\/v2\/pages"}],"about":[{"href":"https:\/\/hullupuhallus.fi\/2019\/wp-json\/wp\/v2\/types\/page"}],"author":[{"embeddable":true,"href":"https:\/\/hullupuhallus.fi\/2019\/wp-json\/wp\/v2\/users\/1"}],"replies":[{"embeddable":true,"href":"https:\/\/hullupuhallus.fi\/2019\/wp-json\/wp\/v2\/comments?post=359"}],"version-history":[{"count":57,"href":"https:\/\/hullupuhallus.fi\/2019\/wp-json\/wp\/v2\/pages\/359\/revisions"}],"predecessor-version":[{"id":592,"href":"https:\/\/hullupuhallus.fi\/2019\/wp-json\/wp\/v2\/pages\/359\/revisions\/592"}],"wp:attachment":[{"href":"https:\/\/hullupuhallus.fi\/2019\/wp-json\/wp\/v2\/media?parent=359"}],"curies":[{"name":"wp","href":"https:\/\/api.w.org\/{rel}","templated":true}]}}