{"id":76,"date":"2018-08-25T17:54:19","date_gmt":"2018-08-25T17:54:19","guid":{"rendered":"http:\/\/www.hullupuhallus.fi\/2019\/?page_id=76"},"modified":"2018-08-25T17:58:14","modified_gmt":"2018-08-25T17:58:14","slug":"saannot","status":"publish","type":"page","link":"https:\/\/hullupuhallus.fi\/2019\/saannot\/","title":{"rendered":"S\u00e4\u00e4nn\u00f6t"},"content":{"rendered":"<p><section class=\"kc-elm kc-css-443321 kc_row\"><div class=\"kc-row-container  kc-container\"><div class=\"kc-wrap-columns\"><div class=\"kc-elm kc-css-517545 kc_col-of-5 kc_column kc_col-of-5\"><div class=\"kc-col-container\"><div class=\"kc-elm kc-css-4712 kc-icon-wrapper\">\n\t\t<i class=\"fa-book\"><\/i>\n\t<\/div>\n<div class=\"kc-elm kc-css-795036\" style=\"height: 14px; clear: both; width:100%;\"><\/div><\/div><\/div><div class=\"kc-elm kc-css-551917 kc_col-sm-10 kc_column kc_col-sm-10\"><div class=\"kc-col-container\"><div class=\"kc-elm kc-css-713293 kc_text_block\"><\/p>\n<h3><strong>HUITTISTEN HULLU PUHALLUS<br \/>-PUHALLINSOITINKISAILUN S\u00c4\u00c4NN\u00d6T 2019<br \/>Kisailu 1.\u20133.2.2019<\/strong><\/h3>\n<p>\n<\/div>\n<div class=\"kc-elm kc-css-903683\">\n\t<a class=\"kc_button\" href=\"http:\/\/www.huittinen.fi\/files\/6922\/Sa_a_nno_t_Hullu_Puhallus_2019.pdf\" target=\"_blank\" title=\"\" onclick=\"\">\n\t\tLataa s\u00e4\u00e4nn\u00f6t PDF-tiedostona\t<\/a>\n<\/div>\n<\/div><\/div><\/div><\/div><\/section><section class=\"kc-elm kc-css-722845 kc_row\"><div class=\"kc-row-container  kc-container\"><div class=\"kc-wrap-columns\"><div class=\"kc-elm kc-css-94471 kc_col-sm-12 kc_column kc_col-sm-12\"><div class=\"kc-col-container\"><div class=\"kc-elm kc-css-627456\" style=\"height: 28px; clear: both; width:100%;\"><\/div><div class=\"kc-elm kc-css-159331 kc_text_block\"><\/p>\n<p>1. Huittisten kaupunki ja Huittisten musiikkiopisto j\u00e4rjest\u00e4v\u00e4t Huittisissa 01.02.-03.02.2019 Hullu Puhallus \u2013tapahtuman. Hullu Puhallus sis\u00e4lt\u00e4\u00e4 puhallinsoitinkisailun, kaikille puhallinsoittajille avoimen kuunnelmuksen sek\u00e4 konsertteja.<br \/>Kisailu on avoin kaikille suomalaisille ja Suomessa opiskeleville\/asuville puhallinsoittajille (solistit ja ryhm\u00e4t) sarjojen rajojen mukaisesti.<\/p>\n<p>Tuomaristo odottaa kisaesityksilt\u00e4:<br \/>\u2013 heitt\u00e4ytymist\u00e4 ja soiton riemua<br \/>\u2013 omaleimaisuutta<br \/>\u2013 monenlaisten tunteiden v\u00e4litt\u00e4mist\u00e4 yleis\u00f6lle<br \/>\u2013 instrumentin monipuolista hallintaa.<br \/>Hullu Puhallus ei ole oikeinsoittokilpailu!<\/p>\n<p>2. Kisailussa on kolme sarjaa:<\/p>\n<p>A) vuosina 1999-2002 syntyneet<br \/>B) vuosina 2003-2005 syntyneet<br \/>C) 2006 tai my\u00f6hemmin syntyneet<\/p>\n<p>sek\u00e4<\/p>\n<p>D) Kuunnelmus, jossa ei ole ik\u00e4rajoituksia eik\u00e4 ryhm\u00e4n kokoa tai ohjelmistoa ole rajoitettu.<\/p>\n<p>3. Ryhmille sarja m\u00e4\u00e4r\u00e4ytyy osallistujien keski-i\u00e4n perusteella. Ryhm\u00e4n soitinkokoonpanossa tulee puhaltimia olla v\u00e4hint\u00e4\u00e4n puolet, ja siin\u00e4 saa olla maksimissaan kahdeksan (8) soittajaa.<\/p>\n<p>4. Solisteilla ja ryhmill\u00e4 voi olla s\u00e4est\u00e4j\u00e4n\u00e4 edell\u00e4 mainittuja ik\u00e4sarjoja vanhempi muusikko, esim. musiikkioppilaitoksen s\u00e4est\u00e4j\u00e4. Mik\u00e4li solistilla on s\u00e4est\u00e4j\u00e4n\u00e4\u00e4n ryhm\u00e4 (esim. jazz- tai barokkiyhtye tai orkesteri), voi s\u00e4est\u00e4v\u00e4n ryhm\u00e4n j\u00e4senten ik\u00e4 poiketa kisailusarjoista. S\u00e4est\u00e4v\u00e4 soitin tai s\u00e4est\u00e4v\u00e4n ryhm\u00e4n soitinvalikoima on vapaavalintainen.<\/p>\n<p>5. Soittaja voi osallistua solistina ainoastaan kerran oman ik\u00e4ryhm\u00e4ns\u00e4 kisailusarjaan. Sama soittaja voi osallistua kisailuun solistiesityksen lis\u00e4ksi my\u00f6s ryhm\u00e4n j\u00e4senen\u00e4. Soittajan osallistumista kisailuun eri ryhmien j\u00e4senen\u00e4 ei rajoiteta.<\/p>\n<p>6. Sama soittaja voi soittaa kisailuesityksiss\u00e4\u00e4n useita eri puhallininstrumentteja.<\/p>\n<p>7. Kisailusarjoihin osallistuvien hakemuslomake on t\u00e4ytett\u00e4v\u00e4 ja l\u00e4hetett\u00e4v\u00e4 netiss\u00e4 olevan linkin kautta 03.12.2018 klo 15.00 menness\u00e4. Ilmoittautumislinkki l\u00f6ytyy 1.9.2018 alkaen osoitteesta www.huittinen.fi\/hullupuhallus.<br \/>Hakemukseen yhteydess\u00e4 tulee lomakkeen mukana toimittaa seuraavat tiedot:<br \/>\u2013 valokuva kilpailijasta tai kilpailevasta ryhm\u00e4st\u00e4, JPEG -muodossa, koko max. 1Mt\/ kuva \u2013 linkki videotallenteeseen, joka on ladattu tallennustilaan tai pilvipalveluun (esim. YouTube, Google Drive, Dropbox). Tallenteessa tulee n\u00e4ky\u00e4 kisailija tai kisailijat + heid\u00e4n nimens\u00e4. Kisailija vastaa itse, ett\u00e4 video on tallennustilassa asianmukaisesti ladattuna ja linkin kautta katsottavissa kisailun alkuun saakka. Aineisto linkin takana voi olla julkinen tai jaettu vain kisailun tuomaristoa varten.<br \/>Videotallenne saa olla kestoltaan enint\u00e4\u00e4n 5 min., ja siihen on tallennettava alkuun esiintyj\u00e4n nimi, esitett\u00e4vien kappaleiden nimet sek\u00e4 \u00e4\u00e4nityspaikka ja -aika. Kuvassa on oltava selv\u00e4sti n\u00e4ht\u00e4viss\u00e4 soittotapahtuma, soittajan k\u00e4det ja kasvot. Videotallennetta ei saa editoida. Teokset tai selke\u00e4sti erilliset osat saa kuitenkin tallentaa eri otoista, mutta ne on liitett\u00e4v\u00e4 yhteen videotallenteeseen. Videotallenteella ei tarvitse esitt\u00e4\u00e4 kisailuohjelmistoa.<\/p>\n<p>8. Kuunnelmuksessa ohjelman kesto on maksimissaan 7 min.<br \/>Kuunnelmuksen ilmoittautumislomakkeeseen merkit\u00e4\u00e4n esiintyjien nimi\/nimet ja oppilaitos\/paikkakunta sek\u00e4 ohjelmisto ja ohjelmiston mitattu kesto (taukoineen). Kuunnelmukseen voivat osallistua kaikki ilmoittautuneet, osallistujam\u00e4\u00e4r\u00e4\u00e4 ei rajoiteta.<\/p>\n<p>9. Jos osallistujien m\u00e4\u00e4r\u00e4\u00e4 on rajoitettava kisailusarjassa, suoritetaan esikarsinta l\u00e4hetettyjen ilmoittautumisasiakirjojen ja \u00e4\u00e4nitteiden perusteella. Soitinkohtainen karsinta on mahdollista. Mik\u00e4li suuren osallistujam\u00e4\u00e4r\u00e4n perusteella on tarpeen, osalle kisailuun ilmoittautuneista voidaan esikarsinnan perusteella tarjota mahdollisuutta kuunnelmuskarsintaan kisailusarjapaikasta paikanp\u00e4\u00e4ll\u00e4 ennen kisailun alkua.<br \/>Kisailuun hyv\u00e4ksymisest\u00e4 sek\u00e4 mahdollisesta kuunnelmuskarsinnasta ilmoitetaan kirjallisesti kaikille ilmoittautuneille s\u00e4hk\u00f6postitse annettuun s\u00e4hk\u00f6postiosoitteeseen.<\/p>\n<p>10. Mik\u00e4li osallistuja karsiutuu kisailusta, on h\u00e4nell\u00e4 mahdollisuus osallistua tapahtumaan Kuunnelmus -sarjassa.<\/p>\n<p>11. Kisailussa on kaksi er\u00e4\u00e4, jotka ovat julkisia tilaisuuksia.<br \/><strong><br \/>Alkukisailu<\/strong><br \/>Alkukisailun ohjelma sis\u00e4lt\u00e4\u00e4 kaksi vapaavalintaista kappaletta. On suositeltavaa, ett\u00e4 toinen kappale on suomalaista musiikkia. Ilmoitettua ohjelmaa ei voi muuttaa.<\/p>\n<p>Alkukisailun ohjelman maksimikestot taukoineen ovat seuraavat:<br \/>Sarja A) 12 min.<br \/>Sarja B) 10 min.<br \/>Sarja C) 8 min.<\/p>\n<p>Kisailija tai ryhm\u00e4 voi esitt\u00e4\u00e4 kolmannen kappaleen, mik\u00e4li se on kisailijan tai ryhm\u00e4n j\u00e4senen oma s\u00e4vellys. Oman s\u00e4vellyksen esitt\u00e4minen lis\u00e4\u00e4 esitett\u00e4v\u00e4n ohjelman maksimikestoa kappaleen keston verran.<\/p>\n<p><strong>Loppukisailu<\/strong><br \/>Loppukisailuun hyv\u00e4ksyt\u00e4\u00e4n tuomariston p\u00e4\u00e4t\u00f6ksen mukainen m\u00e4\u00e4r\u00e4 osallistujia. Loppukisailun ohjelma on vapaavalintainen. Loppukisailun ohjelman tulee olla eri kuin alkukisailussa. Ilmoitettua ohjelmaa ei voi muuttaa.<\/p>\n<p>Loppukisailun ohjelman maksimikestot taukoineen ovat seuraavat:<br \/>Sarja A) 12 min.<br \/>Sarja B) 10 min.<br \/>Sarja C) 8 min.<\/p>\n<p>Kisailija tai ryhm\u00e4 voi esitt\u00e4\u00e4 ylim\u00e4\u00e4r\u00e4isen kappaleen, mik\u00e4li se on kisailijan tai ryhm\u00e4n j\u00e4senen oma s\u00e4vellys. Oman s\u00e4vellyksen esitt\u00e4minen lis\u00e4\u00e4 esitett\u00e4v\u00e4n ohjelman maksimikestoa kappaleen keston verran.<\/p>\n<p><strong>Palkinnot<\/strong><\/p>\n<p>Sarja A)<br \/>1. palkinto 2 000,00 \u20ac<br \/>2. palkinto 800,00 \u20ac<br \/>3. palkinto 500,00 \u20ac<\/p>\n<p>Sarja B)<br \/>1. palkinto 1 200,00 \u20ac<br \/>2. palkinto 600,00 \u20ac<br \/>3. palkinto 300,00 \u20ac<\/p>\n<p>Sarja C)<br \/>1. palkinto 500,00 \u20ac<br \/>2. palkinto 250,00 \u20ac<br \/>3. palkinto 150,00 \u20ac<\/p>\n<p>Tuomaristolla on oikeus jakaa palkinnot my\u00f6s toisin.<\/p>\n<p>12. Kisailun tuomaristoon kuuluu puheenjohtaja Jukka Perkon lis\u00e4ksi kaksi j\u00e4sent\u00e4. Kuunnelmuksessa on oma erillinen tuomaristonsa. Oikeudet tuomariston muutoksiin pid\u00e4tet\u00e4\u00e4n.<\/p>\n<p>13. Soittoj\u00e4rjestys ensimm\u00e4isess\u00e4 er\u00e4ss\u00e4 arvotaan etuk\u00e4teen.<br \/>Harjoitusaikataulu ja soittoj\u00e4rjestys toimitetaan kisailijalle ennen kisailun alkua. Esiintymisj\u00e4rjestys on sama alku- ja loppukisailussa.<\/p>\n<p>14. Tapahtuman j\u00e4rjest\u00e4jill\u00e4 on rajoittamaton oikeus taltioida esityksi\u00e4 maksamatta korvausta kisailijoille tai heid\u00e4n s\u00e4est\u00e4jilleen. Kaikki tilaisuudet ovat julkisia.<\/p>\n<p>15. N\u00e4iden s\u00e4\u00e4nt\u00f6jen alkuper\u00e4iskieli on suomi. Mahdolliset ristiriitaisuudet ratkaistaan suomenkielisiin s\u00e4\u00e4nt\u00f6ihin nojautuen.<\/p>\n<p>\n<\/div><\/div><\/div><\/div><\/div><\/section><\/p>\n","protected":false},"excerpt":{"rendered":"","protected":false},"author":1,"featured_media":0,"parent":0,"menu_order":0,"comment_status":"closed","ping_status":"closed","template":"","meta":{"footnotes":""},"class_list":["post-76","page","type-page","status-publish","hentry"],"_links":{"self":[{"href":"https:\/\/hullupuhallus.fi\/2019\/wp-json\/wp\/v2\/pages\/76","targetHints":{"allow":["GET"]}}],"collection":[{"href":"https:\/\/hullupuhallus.fi\/2019\/wp-json\/wp\/v2\/pages"}],"about":[{"href":"https:\/\/hullupuhallus.fi\/2019\/wp-json\/wp\/v2\/types\/page"}],"author":[{"embeddable":true,"href":"https:\/\/hullupuhallus.fi\/2019\/wp-json\/wp\/v2\/users\/1"}],"replies":[{"embeddable":true,"href":"https:\/\/hullupuhallus.fi\/2019\/wp-json\/wp\/v2\/comments?post=76"}],"version-history":[{"count":4,"href":"https:\/\/hullupuhallus.fi\/2019\/wp-json\/wp\/v2\/pages\/76\/revisions"}],"predecessor-version":[{"id":79,"href":"https:\/\/hullupuhallus.fi\/2019\/wp-json\/wp\/v2\/pages\/76\/revisions\/79"}],"wp:attachment":[{"href":"https:\/\/hullupuhallus.fi\/2019\/wp-json\/wp\/v2\/media?parent=76"}],"curies":[{"name":"wp","href":"https:\/\/api.w.org\/{rel}","templated":true}]}}